{"id":20,"date":"2025-04-05T18:45:35","date_gmt":"2025-04-05T18:45:35","guid":{"rendered":"https:\/\/ercites.com\/?page_id=20"},"modified":"2025-04-05T18:45:39","modified_gmt":"2025-04-05T18:45:39","slug":"refund_returns","status":"publish","type":"page","link":"https:\/\/ercites.com\/es\/refund_returns\/","title":{"rendered":"Devoluci\u00f3n y Pol\u00edtica de Devoluciones"},"content":{"rendered":"<p>En Ercites, queremos que est\u00e9s satisfecho con tu compra. Si necesitas realizar un cambio o devoluci\u00f3n, considera lo siguiente:<\/p>\n\n\n\n<p><br>\u2022 Plazo: Tienes 14 d\u00edas desde la recepci\u00f3n del pedido para solicitar una devoluci\u00f3n o cambio.<\/p>\n\n\n\n<p><br>\u2022 Condiciones: Los art\u00edculos deben estar en perfecto estado, sin uso y con su empaque original.<\/p>\n\n\n\n<p><br>\u2022 Reembolsos: Una vez recibamos y verifiquemos el producto devuelto, procesaremos el reembolso en un plazo de 30 d\u00edas a trav\u00e9s del mismo m\u00e9todo de pago utilizado.<\/p>\n\n\n\n<p><br>\u2022 Gastos de env\u00edo: Los costos de env\u00edo de la devoluci\u00f3n correr\u00e1n por cuenta del cliente, salvo que el producto tenga un defecto de f\u00e1brica.<\/p>","protected":false},"excerpt":{"rendered":"<p>En Ercites, queremos que est\u00e9s satisfecho con tu compra. Si necesitas realizar un cambio o devoluci\u00f3n, considera lo siguiente: \u2022<\/p>","protected":false},"author":1,"featured_media":0,"parent":0,"menu_order":0,"comment_status":"closed","ping_status":"closed","template":"","meta":{"footnotes":""},"class_list":["post-20","page","type-page","status-publish","hentry"],"_links":{"self":[{"href":"https:\/\/ercites.com\/es\/wp-json\/wp\/v2\/pages\/20","targetHints":{"allow":["GET"]}}],"collection":[{"href":"https:\/\/ercites.com\/es\/wp-json\/wp\/v2\/pages"}],"about":[{"href":"https:\/\/ercites.com\/es\/wp-json\/wp\/v2\/types\/page"}],"author":[{"embeddable":true,"href":"https:\/\/ercites.com\/es\/wp-json\/wp\/v2\/users\/1"}],"replies":[{"embeddable":true,"href":"https:\/\/ercites.com\/es\/wp-json\/wp\/v2\/comments?post=20"}],"version-history":[{"count":1,"href":"https:\/\/ercites.com\/es\/wp-json\/wp\/v2\/pages\/20\/revisions"}],"predecessor-version":[{"id":27451,"href":"https:\/\/ercites.com\/es\/wp-json\/wp\/v2\/pages\/20\/revisions\/27451"}],"wp:attachment":[{"href":"https:\/\/ercites.com\/es\/wp-json\/wp\/v2\/media?parent=20"}],"curies":[{"name":"wp","href":"https:\/\/api.w.org\/{rel}","templated":true}]}}