{"id":27440,"date":"2025-04-05T18:38:05","date_gmt":"2025-04-05T18:38:05","guid":{"rendered":"https:\/\/ercites.com\/?page_id=27440"},"modified":"2025-04-05T18:38:34","modified_gmt":"2025-04-05T18:38:34","slug":"faqs","status":"publish","type":"page","link":"https:\/\/ercites.com\/es\/faqs\/","title":{"rendered":"FAQs:"},"content":{"rendered":"<p>1. \u00bfCu\u00e1nto tardan en llegar los pedidos?<\/p>\n\n\n\n<p>Los pedidos tardan aproximadamente 1-4 d\u00edas en ser entregados, dependiendo de la ubicaci\u00f3n.<\/p>\n\n\n\n<p>2. \u00bfC\u00f3mo puedo hacer un cambio o devoluci\u00f3n?<\/p>\n\n\n\n<p>Tienes 14 para solicitar un cambio o devoluci\u00f3n escribi\u00e9ndonos a ercites@hotmail.com<\/p>\n\n\n\n<p>3. \u00bfQu\u00e9 m\u00e9todos de pago aceptan?<\/p>\n\n\n\n<p>Ofrecemos un gran abanico de formas de pago para ello ve al carrito y all\u00ed podr\u00e1 ver todas las formas de pago.<\/p>\n\n\n\n<p>4. \u00bfC\u00f3mo s\u00e9 qu\u00e9 talla elegir?<\/p>\n\n\n\n<p>Consulta nuestra gu\u00eda de tallas en cada producto o cont\u00e1ctanos para asesoramiento.<\/p>\n\n\n\n<p>5. \u00bfLos dise\u00f1os son exclusivos?<\/p>\n\n\n\n<p>S\u00ed, todas nuestras prendas son dise\u00f1adas con un concepto art\u00edstico \u00fanico.<\/p>\n\n\n\n<p>Si tienes m\u00e1s preguntas, escr\u00edbenos a ercites@hotmail.com<\/p>\n\n\n\n<p><\/p>","protected":false},"excerpt":{"rendered":"<p>1. \u00bfCu\u00e1nto tardan en llegar los pedidos? Los pedidos tardan aproximadamente 1-4 d\u00edas en ser entregados, dependiendo de la ubicaci\u00f3n.<\/p>","protected":false},"author":1,"featured_media":0,"parent":0,"menu_order":0,"comment_status":"closed","ping_status":"closed","template":"","meta":{"footnotes":""},"class_list":["post-27440","page","type-page","status-publish","hentry"],"_links":{"self":[{"href":"https:\/\/ercites.com\/es\/wp-json\/wp\/v2\/pages\/27440","targetHints":{"allow":["GET"]}}],"collection":[{"href":"https:\/\/ercites.com\/es\/wp-json\/wp\/v2\/pages"}],"about":[{"href":"https:\/\/ercites.com\/es\/wp-json\/wp\/v2\/types\/page"}],"author":[{"embeddable":true,"href":"https:\/\/ercites.com\/es\/wp-json\/wp\/v2\/users\/1"}],"replies":[{"embeddable":true,"href":"https:\/\/ercites.com\/es\/wp-json\/wp\/v2\/comments?post=27440"}],"version-history":[{"count":2,"href":"https:\/\/ercites.com\/es\/wp-json\/wp\/v2\/pages\/27440\/revisions"}],"predecessor-version":[{"id":27443,"href":"https:\/\/ercites.com\/es\/wp-json\/wp\/v2\/pages\/27440\/revisions\/27443"}],"wp:attachment":[{"href":"https:\/\/ercites.com\/es\/wp-json\/wp\/v2\/media?parent=27440"}],"curies":[{"name":"wp","href":"https:\/\/api.w.org\/{rel}","templated":true}]}}