{"id":27448,"date":"2025-04-05T18:41:59","date_gmt":"2025-04-05T18:41:59","guid":{"rendered":"https:\/\/ercites.com\/?page_id=27448"},"modified":"2025-04-05T18:42:02","modified_gmt":"2025-04-05T18:42:02","slug":"shipping-policy","status":"publish","type":"page","link":"https:\/\/ercites.com\/es\/shipping-policy\/","title":{"rendered":"Pol\u00edtica de env\u00edo"},"content":{"rendered":"<p>En Ercites el env\u00edo es seguro y nos aseguramos al 100% que la prenda llega en perfecto estado.<br>\u2022 Empresas de transporte: Trabajamos con varias empresas de transporte para garantizar un env\u00edo seguro y m\u00e1xima calidad.<br>\u2022 Seguimiento del pedido: Te enviaremos un n\u00famero de rastreo para que puedas seguir tu pedido en tiempo real.<\/p>","protected":false},"excerpt":{"rendered":"<p>En Ercites el env\u00edo es seguro y nos aseguramos al 100% que la prenda llega en perfecto estado.\u2022 Empresas de<\/p>","protected":false},"author":1,"featured_media":0,"parent":0,"menu_order":0,"comment_status":"closed","ping_status":"closed","template":"","meta":{"footnotes":""},"class_list":["post-27448","page","type-page","status-publish","hentry"],"_links":{"self":[{"href":"https:\/\/ercites.com\/es\/wp-json\/wp\/v2\/pages\/27448","targetHints":{"allow":["GET"]}}],"collection":[{"href":"https:\/\/ercites.com\/es\/wp-json\/wp\/v2\/pages"}],"about":[{"href":"https:\/\/ercites.com\/es\/wp-json\/wp\/v2\/types\/page"}],"author":[{"embeddable":true,"href":"https:\/\/ercites.com\/es\/wp-json\/wp\/v2\/users\/1"}],"replies":[{"embeddable":true,"href":"https:\/\/ercites.com\/es\/wp-json\/wp\/v2\/comments?post=27448"}],"version-history":[{"count":1,"href":"https:\/\/ercites.com\/es\/wp-json\/wp\/v2\/pages\/27448\/revisions"}],"predecessor-version":[{"id":27450,"href":"https:\/\/ercites.com\/es\/wp-json\/wp\/v2\/pages\/27448\/revisions\/27450"}],"wp:attachment":[{"href":"https:\/\/ercites.com\/es\/wp-json\/wp\/v2\/media?parent=27448"}],"curies":[{"name":"wp","href":"https:\/\/api.w.org\/{rel}","templated":true}]}}