{"id":27452,"date":"2025-04-05T18:49:33","date_gmt":"2025-04-05T18:49:33","guid":{"rendered":"https:\/\/ercites.com\/?page_id=27452"},"modified":"2025-04-05T18:49:52","modified_gmt":"2025-04-05T18:49:52","slug":"terms-and-conditions","status":"publish","type":"page","link":"https:\/\/ercites.com\/es\/terms-and-conditions\/","title":{"rendered":"T\u00e9rminos y condiciones"},"content":{"rendered":"<p>Al acceder a Ercites, aceptas los siguientes t\u00e9rminos y condiciones:<\/p>\n\n\n\n<p><br>1. Uso del sitio web: Nuestro contenido, im\u00e1genes y dise\u00f1os est\u00e1n protegidos por derechos de autor. No est\u00e1 permitido el uso no autorizado de nuestro material.<\/p>\n\n\n\n<p><br>2. Pedidos y pagos: Aceptamos varios m\u00e9todos de pago seguros. Nos reservamos el derecho de cancelar pedidos por sospecha de fraude.<\/p>\n\n\n\n<p><br>3. Precios y disponibilidad: Los precios pueden cambiar sin previo aviso. Si un producto se agota despu\u00e9s de realizar un pedido, te notificaremos para ofrecerte una alternativa o un reembolso.<\/p>\n\n\n\n<p><br>4. Propiedad intelectual: Todo el contenido de Ercites es propiedad de la marca y no puede ser reproducido sin permiso.<\/p>","protected":false},"excerpt":{"rendered":"<p>Al acceder a Ercites, aceptas los siguientes t\u00e9rminos y condiciones: 1. Uso del sitio web: Nuestro contenido, im\u00e1genes y dise\u00f1os<\/p>","protected":false},"author":1,"featured_media":0,"parent":0,"menu_order":0,"comment_status":"closed","ping_status":"closed","template":"","meta":{"footnotes":""},"class_list":["post-27452","page","type-page","status-publish","hentry"],"_links":{"self":[{"href":"https:\/\/ercites.com\/es\/wp-json\/wp\/v2\/pages\/27452","targetHints":{"allow":["GET"]}}],"collection":[{"href":"https:\/\/ercites.com\/es\/wp-json\/wp\/v2\/pages"}],"about":[{"href":"https:\/\/ercites.com\/es\/wp-json\/wp\/v2\/types\/page"}],"author":[{"embeddable":true,"href":"https:\/\/ercites.com\/es\/wp-json\/wp\/v2\/users\/1"}],"replies":[{"embeddable":true,"href":"https:\/\/ercites.com\/es\/wp-json\/wp\/v2\/comments?post=27452"}],"version-history":[{"count":1,"href":"https:\/\/ercites.com\/es\/wp-json\/wp\/v2\/pages\/27452\/revisions"}],"predecessor-version":[{"id":27454,"href":"https:\/\/ercites.com\/es\/wp-json\/wp\/v2\/pages\/27452\/revisions\/27454"}],"wp:attachment":[{"href":"https:\/\/ercites.com\/es\/wp-json\/wp\/v2\/media?parent=27452"}],"curies":[{"name":"wp","href":"https:\/\/api.w.org\/{rel}","templated":true}]}}