{"id":4400,"date":"2021-10-12T15:51:09","date_gmt":"2021-10-12T15:51:09","guid":{"rendered":"http:\/\/dummy.xtemos.com\/woodmart2\/elementor\/?page_id=4400"},"modified":"2025-04-08T17:13:57","modified_gmt":"2025-04-08T17:13:57","slug":"about-us-3","status":"publish","type":"page","link":"https:\/\/ercites.com\/es\/about-us-3\/","title":{"rendered":"Acerca de nosotros"},"content":{"rendered":"<div data-elementor-type=\"wp-page\" data-elementor-id=\"4400\" class=\"elementor elementor-4400\">\n\t\t\t\t<div class=\"wd-negative-gap elementor-element elementor-element-3e4d22e e-flex e-con-boxed e-con e-parent\" data-id=\"3e4d22e\" data-element_type=\"container\">\n\t\t\t\t\t<div class=\"e-con-inner\">\n\t\t\t\t<div class=\"elementor-element elementor-element-5bcb6a1 elementor-widget elementor-widget-heading\" data-id=\"5bcb6a1\" data-element_type=\"widget\" data-widget_type=\"heading.default\">\n\t\t\t\t<div class=\"elementor-widget-container\">\n\t\t\t\t\t<h2 class=\"elementor-heading-title elementor-size-default\">About Us<\/h2>\t\t\t\t<\/div>\n\t\t\t\t<\/div>\n\t\t\t\t<div class=\"elementor-element elementor-element-2354e35 color-scheme-inherit text-left elementor-widget elementor-widget-text-editor\" data-id=\"2354e35\" data-element_type=\"widget\" data-widget_type=\"text-editor.default\">\n\t\t\t\t<div class=\"elementor-widget-container\">\n\t\t\t\t\t\t\t\t\t<p>Ercites nace al detectar una necesidad en el mercado de la moda. Es una marca de ropa que busca mezclar el arte con los sentimientos. El arte siempre ha sido algo que se siente, algo con lo que se conecta, pero pocas veces las personas se han detenido a sentir y comprender verdaderamente la moda.<br \/><br \/>Buscamos crear una comunidad que entienda el significado del arte y la importancia de la creaci\u00f3n personal. Queremos formar una comunidad entre nosotros, ya que una de las razones por las que las personas pueden conectar es compartiendo pasatiempos.<br \/><br \/>Ercites es una forma de expresar sentimientos a trav\u00e9s de la moda. Ercites te ayuda a conectar con la moda de una manera m\u00e1s profunda, d\u00e1ndole un significado y un valor sentimental que crecer\u00e1 con el tiempo.<\/p>\t\t\t\t\t\t\t\t<\/div>\n\t\t\t\t<\/div>\n\t\t\t\t\t<\/div>\n\t\t\t\t<\/div>\n\t\t\t\t<\/div>","protected":false},"excerpt":{"rendered":"<p>About Us Ercites is created by seeing a need in the fashion market. Ercites is a clothing brand that seeks<\/p>","protected":false},"author":1,"featured_media":0,"parent":0,"menu_order":0,"comment_status":"closed","ping_status":"closed","template":"","meta":{"footnotes":""},"class_list":["post-4400","page","type-page","status-publish","hentry"],"_links":{"self":[{"href":"https:\/\/ercites.com\/es\/wp-json\/wp\/v2\/pages\/4400","targetHints":{"allow":["GET"]}}],"collection":[{"href":"https:\/\/ercites.com\/es\/wp-json\/wp\/v2\/pages"}],"about":[{"href":"https:\/\/ercites.com\/es\/wp-json\/wp\/v2\/types\/page"}],"author":[{"embeddable":true,"href":"https:\/\/ercites.com\/es\/wp-json\/wp\/v2\/users\/1"}],"replies":[{"embeddable":true,"href":"https:\/\/ercites.com\/es\/wp-json\/wp\/v2\/comments?post=4400"}],"version-history":[{"count":6,"href":"https:\/\/ercites.com\/es\/wp-json\/wp\/v2\/pages\/4400\/revisions"}],"predecessor-version":[{"id":27496,"href":"https:\/\/ercites.com\/es\/wp-json\/wp\/v2\/pages\/4400\/revisions\/27496"}],"wp:attachment":[{"href":"https:\/\/ercites.com\/es\/wp-json\/wp\/v2\/media?parent=4400"}],"curies":[{"name":"wp","href":"https:\/\/api.w.org\/{rel}","templated":true}]}}